{"id":18,"date":"2021-08-20T13:25:40","date_gmt":"2021-08-20T10:25:40","guid":{"rendered":"http:\/\/verkko-projekti.fi\/?page_id=18"},"modified":"2023-05-29T11:53:49","modified_gmt":"2023-05-29T08:53:49","slug":"verkko","status":"publish","type":"page","link":"https:\/\/verkko-projekti.fi\/?page_id=18","title":{"rendered":"VERKKO"},"content":{"rendered":"\t\t<div data-elementor-type=\"wp-page\" data-elementor-id=\"18\" class=\"elementor elementor-18\">\n\t\t\t\t\t\t\t\t\t<section class=\"elementor-section elementor-top-section elementor-element elementor-element-f8bc6e5 elementor-section-height-min-height elementor-section-boxed elementor-section-height-default elementor-section-items-middle\" data-id=\"f8bc6e5\" data-element_type=\"section\" data-settings=\"{&quot;background_background&quot;:&quot;classic&quot;}\">\n\t\t\t\t\t\t\t<div class=\"elementor-background-overlay\"><\/div>\n\t\t\t\t\t\t\t<div class=\"elementor-container elementor-column-gap-default\">\n\t\t\t\t\t<div class=\"elementor-column elementor-col-100 elementor-top-column elementor-element elementor-element-23cb2e8\" data-id=\"23cb2e8\" data-element_type=\"column\" data-settings=\"{&quot;background_background&quot;:&quot;classic&quot;}\">\n\t\t\t<div class=\"elementor-widget-wrap elementor-element-populated\">\n\t\t\t\t\t\t\t\t<div class=\"elementor-element elementor-element-4bff212 elementor-widget elementor-widget-heading\" data-id=\"4bff212\" data-element_type=\"widget\" data-widget_type=\"heading.default\">\n\t\t\t\t<div class=\"elementor-widget-container\">\n\t\t\t<style>\/*! elementor - v3.13.3 - 28-05-2023 *\/\n.elementor-heading-title{padding:0;margin:0;line-height:1}.elementor-widget-heading .elementor-heading-title[class*=elementor-size-]>a{color:inherit;font-size:inherit;line-height:inherit}.elementor-widget-heading .elementor-heading-title.elementor-size-small{font-size:15px}.elementor-widget-heading .elementor-heading-title.elementor-size-medium{font-size:19px}.elementor-widget-heading .elementor-heading-title.elementor-size-large{font-size:29px}.elementor-widget-heading .elementor-heading-title.elementor-size-xl{font-size:39px}.elementor-widget-heading .elementor-heading-title.elementor-size-xxl{font-size:59px}<\/style><h2 class=\"elementor-heading-title elementor-size-default\">Ponnahdus uusiin liiketoimintamalleihin ja<br>parempaan hyvinvointiin<\/h2>\t\t<\/div>\n\t\t\t\t<\/div>\n\t\t\t\t<div class=\"elementor-element elementor-element-302af4b elementor-widget elementor-widget-image\" data-id=\"302af4b\" data-element_type=\"widget\" data-widget_type=\"image.default\">\n\t\t\t\t<div class=\"elementor-widget-container\">\n\t\t\t<style>\/*! elementor - v3.13.3 - 28-05-2023 *\/\n.elementor-widget-image{text-align:center}.elementor-widget-image a{display:inline-block}.elementor-widget-image a img[src$=\".svg\"]{width:48px}.elementor-widget-image img{vertical-align:middle;display:inline-block}<\/style>\t\t\t\t\t\t\t\t\t\t\t\t<img loading=\"lazy\" decoding=\"async\" width=\"800\" height=\"303\" src=\"https:\/\/verkko-projekti.fi\/wp-content\/uploads\/2022\/10\/esr-vipuvoimaa-react_eu-logot_ei-teksti.png\" class=\"attachment-large size-large wp-image-1155\" alt=\"\" \/>\t\t\t\t\t\t\t\t\t\t\t\t\t\t\t<\/div>\n\t\t\t\t<\/div>\n\t\t\t\t\t<\/div>\n\t\t<\/div>\n\t\t\t\t\t\t\t<\/div>\n\t\t<\/section>\n\t\t\t\t<section class=\"elementor-section elementor-top-section elementor-element elementor-element-ff6e8bb elementor-section-boxed elementor-section-height-default elementor-section-height-default\" data-id=\"ff6e8bb\" data-element_type=\"section\">\n\t\t\t\t\t\t<div class=\"elementor-container elementor-column-gap-default\">\n\t\t\t\t\t<div class=\"elementor-column elementor-col-100 elementor-top-column elementor-element elementor-element-d4cc416\" data-id=\"d4cc416\" data-element_type=\"column\">\n\t\t\t<div class=\"elementor-widget-wrap elementor-element-populated\">\n\t\t\t\t\t\t\t\t<div class=\"elementor-element elementor-element-5cb9dae elementor-widget elementor-widget-text-editor\" data-id=\"5cb9dae\" data-element_type=\"widget\" data-widget_type=\"text-editor.default\">\n\t\t\t\t<div class=\"elementor-widget-container\">\n\t\t\t<style>\/*! elementor - v3.13.3 - 28-05-2023 *\/\n.elementor-widget-text-editor.elementor-drop-cap-view-stacked .elementor-drop-cap{background-color:#69727d;color:#fff}.elementor-widget-text-editor.elementor-drop-cap-view-framed .elementor-drop-cap{color:#69727d;border:3px solid;background-color:transparent}.elementor-widget-text-editor:not(.elementor-drop-cap-view-default) .elementor-drop-cap{margin-top:8px}.elementor-widget-text-editor:not(.elementor-drop-cap-view-default) .elementor-drop-cap-letter{width:1em;height:1em}.elementor-widget-text-editor .elementor-drop-cap{float:left;text-align:center;line-height:1;font-size:50px}.elementor-widget-text-editor .elementor-drop-cap-letter{display:inline-block}<\/style>\t\t\t\t<p>VERKKO-projektin tavoitteena on auttaa koronasta k\u00e4rsineit\u00e4 varsinaissuomalaisia yrityksi\u00e4 selviytym\u00e4\u00e4n pandemian luomista haasteista sek\u00e4 l\u00f6yt\u00e4m\u00e4\u00e4n uutta virtaa lamaannuttavan jakson j\u00e4lkeen. Hankkeen ytimess\u00e4 on uusien, kest\u00e4v\u00e4mpien liiketoimintaratkaisujen tukeminen yritt\u00e4jien osaamista kehitt\u00e4m\u00e4ll\u00e4.<\/p>\t\t\t\t\t\t<\/div>\n\t\t\t\t<\/div>\n\t\t\t\t\t<\/div>\n\t\t<\/div>\n\t\t\t\t\t\t\t<\/div>\n\t\t<\/section>\n\t\t\t\t<section class=\"elementor-section elementor-top-section elementor-element elementor-element-23d60eb elementor-section-boxed elementor-section-height-default elementor-section-height-default\" data-id=\"23d60eb\" data-element_type=\"section\">\n\t\t\t\t\t\t<div class=\"elementor-container elementor-column-gap-default\">\n\t\t\t\t\t<div class=\"elementor-column elementor-col-100 elementor-top-column elementor-element elementor-element-0b3ff94\" data-id=\"0b3ff94\" data-element_type=\"column\" data-settings=\"{&quot;background_background&quot;:&quot;classic&quot;}\">\n\t\t\t<div class=\"elementor-widget-wrap elementor-element-populated\">\n\t\t\t\t\t\t\t\t<div class=\"elementor-element elementor-element-f40a62e elementor-widget elementor-widget-text-editor\" data-id=\"f40a62e\" data-element_type=\"widget\" data-widget_type=\"text-editor.default\">\n\t\t\t\t<div class=\"elementor-widget-container\">\n\t\t\t\t\t\t\t<p><strong>VERKKO-hanke on p\u00e4\u00e4ttynyt. Kiitos jokaiselle osallistuneelle ja toimintaamme seuranneelle!<\/strong><\/p><p>Autoimme yrityksi\u00e4 ja yritt\u00e4ji\u00e4 uuteen kasvuun tuottamalla uudenlaista osaamista liiketoiminnan kehitt\u00e4miseen, yrityksen muutosvalmiuden lis\u00e4\u00e4miseen, hybridin ty\u00f6n johtamiseen ja ty\u00f6hyvinvoinnin edist\u00e4miseen. Kehitimme yhdess\u00e4 mikro- ja pk-yritysten kanssa kilpailukyky\u00e4 ja muutosvalmiutta liiketoiminnan uudelleenmuotoilulla sek\u00e4 vahvistimme ty\u00f6n tuottavuutta ja henkil\u00f6st\u00f6n ty\u00f6hyvinvointia kehitt\u00e4m\u00e4ll\u00e4 hybridin ty\u00f6n johtamista ja hallintaa. Lis\u00e4ksi loimme ty\u00f6hyvinvoinnin edist\u00e4misen verkostoja, joissa parannetaan yritt\u00e4jien ja yritysten henkil\u00f6st\u00f6n ty\u00f6ss\u00e4 jaksamista. N\u00e4iss\u00e4 interventioissa laadimme osallistujille henkil\u00f6kohtaisen ty\u00f6hyvinvoinnin edist\u00e4misen ohjelman, motivoimme ja seurasimme tavoitteiden saavuttamista.<\/p>\t\t\t\t\t\t<\/div>\n\t\t\t\t<\/div>\n\t\t\t\t<div class=\"elementor-element elementor-element-9b23d5b elementor-widget elementor-widget-text-editor\" data-id=\"9b23d5b\" data-element_type=\"widget\" data-widget_type=\"text-editor.default\">\n\t\t\t\t<div class=\"elementor-widget-container\">\n\t\t\t\t\t\t\t\t\t\t\t\t\t<\/div>\n\t\t\t\t<\/div>\n\t\t\t\t\t<\/div>\n\t\t<\/div>\n\t\t\t\t\t\t\t<\/div>\n\t\t<\/section>\n\t\t\t\t<section class=\"elementor-section elementor-top-section elementor-element elementor-element-d914425 elementor-hidden-tablet elementor-hidden-mobile elementor-section-boxed elementor-section-height-default elementor-section-height-default\" data-id=\"d914425\" data-element_type=\"section\">\n\t\t\t\t\t\t<div class=\"elementor-container elementor-column-gap-default\">\n\t\t\t\t\t<div class=\"elementor-column elementor-col-100 elementor-top-column elementor-element elementor-element-44c6645\" data-id=\"44c6645\" data-element_type=\"column\">\n\t\t\t<div class=\"elementor-widget-wrap elementor-element-populated\">\n\t\t\t\t\t\t\t\t<div class=\"elementor-element elementor-element-797b23c elementor-widget-divider--view-line elementor-widget elementor-widget-divider\" data-id=\"797b23c\" data-element_type=\"widget\" data-widget_type=\"divider.default\">\n\t\t\t\t<div class=\"elementor-widget-container\">\n\t\t\t<style>\/*! elementor - v3.13.3 - 28-05-2023 *\/\n.elementor-widget-divider{--divider-border-style:none;--divider-border-width:1px;--divider-color:#0c0d0e;--divider-icon-size:20px;--divider-element-spacing:10px;--divider-pattern-height:24px;--divider-pattern-size:20px;--divider-pattern-url:none;--divider-pattern-repeat:repeat-x}.elementor-widget-divider .elementor-divider{display:flex}.elementor-widget-divider .elementor-divider__text{font-size:15px;line-height:1;max-width:95%}.elementor-widget-divider .elementor-divider__element{margin:0 var(--divider-element-spacing);flex-shrink:0}.elementor-widget-divider .elementor-icon{font-size:var(--divider-icon-size)}.elementor-widget-divider .elementor-divider-separator{display:flex;margin:0;direction:ltr}.elementor-widget-divider--view-line_icon .elementor-divider-separator,.elementor-widget-divider--view-line_text .elementor-divider-separator{align-items:center}.elementor-widget-divider--view-line_icon .elementor-divider-separator:after,.elementor-widget-divider--view-line_icon .elementor-divider-separator:before,.elementor-widget-divider--view-line_text .elementor-divider-separator:after,.elementor-widget-divider--view-line_text .elementor-divider-separator:before{display:block;content:\"\";border-bottom:0;flex-grow:1;border-top:var(--divider-border-width) var(--divider-border-style) var(--divider-color)}.elementor-widget-divider--element-align-left .elementor-divider .elementor-divider-separator>.elementor-divider__svg:first-of-type{flex-grow:0;flex-shrink:100}.elementor-widget-divider--element-align-left .elementor-divider-separator:before{content:none}.elementor-widget-divider--element-align-left .elementor-divider__element{margin-left:0}.elementor-widget-divider--element-align-right .elementor-divider .elementor-divider-separator>.elementor-divider__svg:last-of-type{flex-grow:0;flex-shrink:100}.elementor-widget-divider--element-align-right .elementor-divider-separator:after{content:none}.elementor-widget-divider--element-align-right .elementor-divider__element{margin-right:0}.elementor-widget-divider:not(.elementor-widget-divider--view-line_text):not(.elementor-widget-divider--view-line_icon) .elementor-divider-separator{border-top:var(--divider-border-width) var(--divider-border-style) var(--divider-color)}.elementor-widget-divider--separator-type-pattern{--divider-border-style:none}.elementor-widget-divider--separator-type-pattern.elementor-widget-divider--view-line .elementor-divider-separator,.elementor-widget-divider--separator-type-pattern:not(.elementor-widget-divider--view-line) .elementor-divider-separator:after,.elementor-widget-divider--separator-type-pattern:not(.elementor-widget-divider--view-line) .elementor-divider-separator:before,.elementor-widget-divider--separator-type-pattern:not([class*=elementor-widget-divider--view]) .elementor-divider-separator{width:100%;min-height:var(--divider-pattern-height);-webkit-mask-size:var(--divider-pattern-size) 100%;mask-size:var(--divider-pattern-size) 100%;-webkit-mask-repeat:var(--divider-pattern-repeat);mask-repeat:var(--divider-pattern-repeat);background-color:var(--divider-color);-webkit-mask-image:var(--divider-pattern-url);mask-image:var(--divider-pattern-url)}.elementor-widget-divider--no-spacing{--divider-pattern-size:auto}.elementor-widget-divider--bg-round{--divider-pattern-repeat:round}.rtl .elementor-widget-divider .elementor-divider__text{direction:rtl}.e-con-inner>.elementor-widget-divider,.e-con>.elementor-widget-divider{width:var(--container-widget-width,100%);--flex-grow:var(--container-widget-flex-grow)}<\/style>\t\t<div class=\"elementor-divider\">\n\t\t\t<span class=\"elementor-divider-separator\">\n\t\t\t\t\t\t<\/span>\n\t\t<\/div>\n\t\t\t\t<\/div>\n\t\t\t\t<\/div>\n\t\t\t\t\t<\/div>\n\t\t<\/div>\n\t\t\t\t\t\t\t<\/div>\n\t\t<\/section>\n\t\t\t\t<section class=\"elementor-section elementor-top-section elementor-element elementor-element-2f7cfd4 elementor-section-boxed elementor-section-height-default elementor-section-height-default\" data-id=\"2f7cfd4\" data-element_type=\"section\">\n\t\t\t\t\t\t<div class=\"elementor-container elementor-column-gap-default\">\n\t\t\t\t\t<div class=\"elementor-column elementor-col-100 elementor-top-column elementor-element elementor-element-d94363a\" data-id=\"d94363a\" data-element_type=\"column\">\n\t\t\t<div class=\"elementor-widget-wrap elementor-element-populated\">\n\t\t\t\t\t\t\t\t<div class=\"elementor-element elementor-element-af5e40e elementor-widget elementor-widget-text-editor\" data-id=\"af5e40e\" data-element_type=\"widget\" data-widget_type=\"text-editor.default\">\n\t\t\t\t<div class=\"elementor-widget-container\">\n\t\t\t\t\t\t\t<p>VERKKO &#8211; ponnahdus uusiin liiketoimintamalleihin ja parempaan hyvinvointiin \u2013 hankkeen toteuttaa Turun ammattikorkeakoulu. Hanketta rahoittaa Euroopan sosiaalirahasto ja kesto on 1.9.2021-30.6.2023. Hanke rahoitetaan osana unionin Covid-19 pandemian johdosta toteuttamia toimia.<\/p>\t\t\t\t\t\t<\/div>\n\t\t\t\t<\/div>\n\t\t\t\t\t<\/div>\n\t\t<\/div>\n\t\t\t\t\t\t\t<\/div>\n\t\t<\/section>\n\t\t\t\t\t\t\t<\/div>\n\t\t","protected":false},"excerpt":{"rendered":"<p>Ponnahdus uusiin liiketoimintamalleihin japarempaan hyvinvointiin VERKKO-projektin tavoitteena on auttaa koronasta k\u00e4rsineit\u00e4 varsinaissuomalaisia yrityksi\u00e4 selviytym\u00e4\u00e4n pandemian luomista haasteista sek\u00e4 l\u00f6yt\u00e4m\u00e4\u00e4n uutta virtaa lamaannuttavan jakson j\u00e4lkeen. Hankkeen ytimess\u00e4 on uusien, kest\u00e4v\u00e4mpien liiketoimintaratkaisujen tukeminen yritt\u00e4jien osaamista kehitt\u00e4m\u00e4ll\u00e4. VERKKO-hanke on p\u00e4\u00e4ttynyt. Kiitos jokaiselle osallistuneelle ja toimintaamme seuranneelle! Autoimme yrityksi\u00e4 ja yritt\u00e4ji\u00e4 uuteen kasvuun tuottamalla uudenlaista osaamista liiketoiminnan kehitt\u00e4miseen, yrityksen [&hellip;]<\/p>\n","protected":false},"author":1,"featured_media":759,"parent":0,"menu_order":0,"comment_status":"closed","ping_status":"closed","template":"elementor_header_footer","meta":{"_mi_skip_tracking":false,"_monsterinsights_sitenote_active":false,"_monsterinsights_sitenote_note":"","_monsterinsights_sitenote_category":0,"footnotes":""},"class_list":["post-18","page","type-page","status-publish","has-post-thumbnail","hentry"],"yoast_head":"<!-- This site is optimized with the Yoast SEO plugin v20.8 - https:\/\/yoast.com\/wordpress\/plugins\/seo\/ -->\n<title>VERKKO-projekti &ndash; VERKKO<\/title>\n<meta name=\"description\" content=\"Autamme yrityksi\u00e4 ja yritt\u00e4ji\u00e4 uuteen kasvuun tuottamalla uudenlaista osaamista liiketoiminnan, hybridity\u00f6n ja ty\u00f6hyvinvoinnin saralla.\" \/>\n<meta name=\"robots\" content=\"index, follow, max-snippet:-1, max-image-preview:large, max-video-preview:-1\" \/>\n<link rel=\"canonical\" href=\"https:\/\/verkko-projekti.fi\/?page_id=18\" \/>\n<meta property=\"og:locale\" content=\"fi_FI\" \/>\n<meta property=\"og:type\" content=\"article\" \/>\n<meta property=\"og:title\" content=\"VERKKO-projekti &ndash; VERKKO\" \/>\n<meta property=\"og:description\" content=\"Autamme yrityksi\u00e4 ja yritt\u00e4ji\u00e4 uuteen kasvuun tuottamalla uudenlaista osaamista liiketoiminnan, hybridity\u00f6n ja ty\u00f6hyvinvoinnin saralla.\" \/>\n<meta property=\"og:url\" content=\"https:\/\/verkko-projekti.fi\/?page_id=18\" \/>\n<meta property=\"og:site_name\" content=\"VERKKO\" \/>\n<meta property=\"article:publisher\" content=\"https:\/\/www.facebook.com\/VERKKOprojekti\/\" \/>\n<meta property=\"article:modified_time\" content=\"2023-05-29T08:53:49+00:00\" \/>\n<meta property=\"og:image\" content=\"https:\/\/verkko-projekti.fi\/wp-content\/uploads\/2021\/10\/245493976_116027640853683_1609545525429968790_n.png\" \/>\n\t<meta property=\"og:image:width\" content=\"851\" \/>\n\t<meta property=\"og:image:height\" content=\"315\" \/>\n\t<meta property=\"og:image:type\" content=\"image\/png\" \/>\n<meta name=\"twitter:card\" content=\"summary_large_image\" \/>\n<meta name=\"twitter:image\" content=\"https:\/\/verkko-projekti.fi\/wp-content\/uploads\/2021\/10\/245493976_116027640853683_1609545525429968790_n.png\" \/>\n<meta name=\"twitter:label1\" content=\"Arvioitu lukuaika\" \/>\n\t<meta name=\"twitter:data1\" content=\"2 minuuttia\" \/>\n<script type=\"application\/ld+json\" class=\"yoast-schema-graph\">{\"@context\":\"https:\/\/schema.org\",\"@graph\":[{\"@type\":\"WebPage\",\"@id\":\"https:\/\/verkko-projekti.fi\/?page_id=18\",\"url\":\"https:\/\/verkko-projekti.fi\/?page_id=18\",\"name\":\"VERKKO-projekti &ndash; VERKKO\",\"isPartOf\":{\"@id\":\"https:\/\/verkko-projekti.fi\/#website\"},\"datePublished\":\"2021-08-20T10:25:40+00:00\",\"dateModified\":\"2023-05-29T08:53:49+00:00\",\"description\":\"Autamme yrityksi\u00e4 ja yritt\u00e4ji\u00e4 uuteen kasvuun tuottamalla uudenlaista osaamista liiketoiminnan, hybridity\u00f6n ja ty\u00f6hyvinvoinnin saralla.\",\"breadcrumb\":{\"@id\":\"https:\/\/verkko-projekti.fi\/?page_id=18#breadcrumb\"},\"inLanguage\":\"fi\",\"potentialAction\":[{\"@type\":\"ReadAction\",\"target\":[\"https:\/\/verkko-projekti.fi\/?page_id=18\"]}]},{\"@type\":\"BreadcrumbList\",\"@id\":\"https:\/\/verkko-projekti.fi\/?page_id=18#breadcrumb\",\"itemListElement\":[{\"@type\":\"ListItem\",\"position\":1,\"name\":\"Etusivu\",\"item\":\"https:\/\/verkko-projekti.fi\/\"},{\"@type\":\"ListItem\",\"position\":2,\"name\":\"VERKKO\"}]},{\"@type\":\"WebSite\",\"@id\":\"https:\/\/verkko-projekti.fi\/#website\",\"url\":\"https:\/\/verkko-projekti.fi\/\",\"name\":\"VERKKO\",\"description\":\"Ponnahdus uusiin liiketoimintamalleihin ja parempaan hyvinvointiin\",\"publisher\":{\"@id\":\"https:\/\/verkko-projekti.fi\/#organization\"},\"potentialAction\":[{\"@type\":\"SearchAction\",\"target\":{\"@type\":\"EntryPoint\",\"urlTemplate\":\"https:\/\/verkko-projekti.fi\/?s={search_term_string}\"},\"query-input\":\"required name=search_term_string\"}],\"inLanguage\":\"fi\"},{\"@type\":\"Organization\",\"@id\":\"https:\/\/verkko-projekti.fi\/#organization\",\"name\":\"VERKKO\",\"url\":\"https:\/\/verkko-projekti.fi\/\",\"logo\":{\"@type\":\"ImageObject\",\"inLanguage\":\"fi\",\"@id\":\"https:\/\/verkko-projekti.fi\/#\/schema\/logo\/image\/\",\"url\":\"https:\/\/verkko-projekti.fi\/wp-content\/uploads\/2021\/09\/verkkofavicon.png\",\"contentUrl\":\"https:\/\/verkko-projekti.fi\/wp-content\/uploads\/2021\/09\/verkkofavicon.png\",\"width\":800,\"height\":800,\"caption\":\"VERKKO\"},\"image\":{\"@id\":\"https:\/\/verkko-projekti.fi\/#\/schema\/logo\/image\/\"},\"sameAs\":[\"https:\/\/www.facebook.com\/VERKKOprojekti\/\"]}]}<\/script>\n<!-- \/ Yoast SEO plugin. -->","yoast_head_json":{"title":"VERKKO-projekti &ndash; VERKKO","description":"Autamme yrityksi\u00e4 ja yritt\u00e4ji\u00e4 uuteen kasvuun tuottamalla uudenlaista osaamista liiketoiminnan, hybridity\u00f6n ja ty\u00f6hyvinvoinnin saralla.","robots":{"index":"index","follow":"follow","max-snippet":"max-snippet:-1","max-image-preview":"max-image-preview:large","max-video-preview":"max-video-preview:-1"},"canonical":"https:\/\/verkko-projekti.fi\/?page_id=18","og_locale":"fi_FI","og_type":"article","og_title":"VERKKO-projekti &ndash; VERKKO","og_description":"Autamme yrityksi\u00e4 ja yritt\u00e4ji\u00e4 uuteen kasvuun tuottamalla uudenlaista osaamista liiketoiminnan, hybridity\u00f6n ja ty\u00f6hyvinvoinnin saralla.","og_url":"https:\/\/verkko-projekti.fi\/?page_id=18","og_site_name":"VERKKO","article_publisher":"https:\/\/www.facebook.com\/VERKKOprojekti\/","article_modified_time":"2023-05-29T08:53:49+00:00","og_image":[{"width":851,"height":315,"url":"https:\/\/verkko-projekti.fi\/wp-content\/uploads\/2021\/10\/245493976_116027640853683_1609545525429968790_n.png","type":"image\/png"}],"twitter_card":"summary_large_image","twitter_image":"https:\/\/verkko-projekti.fi\/wp-content\/uploads\/2021\/10\/245493976_116027640853683_1609545525429968790_n.png","twitter_misc":{"Arvioitu lukuaika":"2 minuuttia"},"schema":{"@context":"https:\/\/schema.org","@graph":[{"@type":"WebPage","@id":"https:\/\/verkko-projekti.fi\/?page_id=18","url":"https:\/\/verkko-projekti.fi\/?page_id=18","name":"VERKKO-projekti &ndash; VERKKO","isPartOf":{"@id":"https:\/\/verkko-projekti.fi\/#website"},"datePublished":"2021-08-20T10:25:40+00:00","dateModified":"2023-05-29T08:53:49+00:00","description":"Autamme yrityksi\u00e4 ja yritt\u00e4ji\u00e4 uuteen kasvuun tuottamalla uudenlaista osaamista liiketoiminnan, hybridity\u00f6n ja ty\u00f6hyvinvoinnin saralla.","breadcrumb":{"@id":"https:\/\/verkko-projekti.fi\/?page_id=18#breadcrumb"},"inLanguage":"fi","potentialAction":[{"@type":"ReadAction","target":["https:\/\/verkko-projekti.fi\/?page_id=18"]}]},{"@type":"BreadcrumbList","@id":"https:\/\/verkko-projekti.fi\/?page_id=18#breadcrumb","itemListElement":[{"@type":"ListItem","position":1,"name":"Etusivu","item":"https:\/\/verkko-projekti.fi\/"},{"@type":"ListItem","position":2,"name":"VERKKO"}]},{"@type":"WebSite","@id":"https:\/\/verkko-projekti.fi\/#website","url":"https:\/\/verkko-projekti.fi\/","name":"VERKKO","description":"Ponnahdus uusiin liiketoimintamalleihin ja parempaan hyvinvointiin","publisher":{"@id":"https:\/\/verkko-projekti.fi\/#organization"},"potentialAction":[{"@type":"SearchAction","target":{"@type":"EntryPoint","urlTemplate":"https:\/\/verkko-projekti.fi\/?s={search_term_string}"},"query-input":"required name=search_term_string"}],"inLanguage":"fi"},{"@type":"Organization","@id":"https:\/\/verkko-projekti.fi\/#organization","name":"VERKKO","url":"https:\/\/verkko-projekti.fi\/","logo":{"@type":"ImageObject","inLanguage":"fi","@id":"https:\/\/verkko-projekti.fi\/#\/schema\/logo\/image\/","url":"https:\/\/verkko-projekti.fi\/wp-content\/uploads\/2021\/09\/verkkofavicon.png","contentUrl":"https:\/\/verkko-projekti.fi\/wp-content\/uploads\/2021\/09\/verkkofavicon.png","width":800,"height":800,"caption":"VERKKO"},"image":{"@id":"https:\/\/verkko-projekti.fi\/#\/schema\/logo\/image\/"},"sameAs":["https:\/\/www.facebook.com\/VERKKOprojekti\/"]}]}},"_links":{"self":[{"href":"https:\/\/verkko-projekti.fi\/index.php?rest_route=\/wp\/v2\/pages\/18","targetHints":{"allow":["GET"]}}],"collection":[{"href":"https:\/\/verkko-projekti.fi\/index.php?rest_route=\/wp\/v2\/pages"}],"about":[{"href":"https:\/\/verkko-projekti.fi\/index.php?rest_route=\/wp\/v2\/types\/page"}],"author":[{"embeddable":true,"href":"https:\/\/verkko-projekti.fi\/index.php?rest_route=\/wp\/v2\/users\/1"}],"replies":[{"embeddable":true,"href":"https:\/\/verkko-projekti.fi\/index.php?rest_route=%2Fwp%2Fv2%2Fcomments&post=18"}],"version-history":[{"count":46,"href":"https:\/\/verkko-projekti.fi\/index.php?rest_route=\/wp\/v2\/pages\/18\/revisions"}],"predecessor-version":[{"id":1469,"href":"https:\/\/verkko-projekti.fi\/index.php?rest_route=\/wp\/v2\/pages\/18\/revisions\/1469"}],"wp:featuredmedia":[{"embeddable":true,"href":"https:\/\/verkko-projekti.fi\/index.php?rest_route=\/wp\/v2\/media\/759"}],"wp:attachment":[{"href":"https:\/\/verkko-projekti.fi\/index.php?rest_route=%2Fwp%2Fv2%2Fmedia&parent=18"}],"curies":[{"name":"wp","href":"https:\/\/api.w.org\/{rel}","templated":true}]}}